{"id":512,"date":"2024-08-20T09:53:48","date_gmt":"2024-08-20T09:53:48","guid":{"rendered":"https:\/\/sitoweb.biz\/hotelcapriccioli.com\/?page_id=512"},"modified":"2025-02-14T15:09:27","modified_gmt":"2025-02-14T15:09:27","slug":"chi-siamo","status":"publish","type":"page","link":"https:\/\/hotelcapriccioli.it\/en\/chi-siamo\/","title":{"rendered":"Who we are"},"content":{"rendered":"<div data-elementor-type=\"wp-page\" data-elementor-id=\"512\" class=\"elementor elementor-512\" data-elementor-post-type=\"page\">\n\t\t\t\t<div class=\"elementor-element elementor-element-3a931e34 e-flex e-con-boxed e-con e-parent\" data-id=\"3a931e34\" data-element_type=\"container\">\n\t\t\t\t\t<div class=\"e-con-inner\">\n\t\t\t\t<div class=\"elementor-element elementor-element-4460050f elementor-widget elementor-widget-spacer\" data-id=\"4460050f\" data-element_type=\"widget\" data-widget_type=\"spacer.default\">\n\t\t\t\t<div class=\"elementor-widget-container\">\n\t\t\t\t\t\t\t<div class=\"elementor-spacer\">\n\t\t\t<div class=\"elementor-spacer-inner\"><\/div>\n\t\t<\/div>\n\t\t\t\t\t\t<\/div>\n\t\t\t\t<\/div>\n\t\t\t\t\t<\/div>\n\t\t\t\t<\/div>\n\t\t<div class=\"elementor-element elementor-element-54fe45f2 e-con-full e-flex e-con e-parent\" data-id=\"54fe45f2\" data-element_type=\"container\">\n\t\t<div class=\"elementor-element elementor-element-4ef213af e-con-full e-flex e-con e-child\" data-id=\"4ef213af\" data-element_type=\"container\" data-settings=\"{&quot;background_background&quot;:&quot;classic&quot;}\">\n\t\t\t\t<div class=\"elementor-element elementor-element-763785b0 elementor-invisible elementor-widget elementor-widget-elementskit-heading\" data-id=\"763785b0\" data-element_type=\"widget\" data-settings=\"{&quot;_animation&quot;:&quot;fadeInUp&quot;,&quot;_animation_delay&quot;:150}\" data-widget_type=\"elementskit-heading.default\">\n\t\t\t\t<div class=\"elementor-widget-container\">\n\t\t\t\t\t<div class=\"ekit-wid-con\" ><div class=\"ekit-heading elementskit-section-title-wraper text_center   ekit_heading_tablet-   ekit_heading_mobile-\"><h1 class=\"ekit-heading--title elementskit-section-title\">Where Comfort Meets Hospitality<\/h1><h2 class=\"ekit-heading--subtitle elementskit-section-subtitle\">\n\t\t\t\t\t\tAn oasis away from home\n\t\t\t\t\t<\/h2><\/div><\/div>\t\t\t\t<\/div>\n\t\t\t\t<\/div>\n\t\t\t\t<div class=\"elementor-element elementor-element-49e5df0 elementor-align-center animated-fast elementor-invisible elementor-widget elementor-widget-button\" data-id=\"49e5df0\" data-element_type=\"widget\" data-settings=\"{&quot;_animation&quot;:&quot;fadeInUp&quot;,&quot;_animation_delay&quot;:200}\" data-widget_type=\"button.default\">\n\t\t\t\t<div class=\"elementor-widget-container\">\n\t\t\t\t\t\t\t\t\t<div class=\"elementor-button-wrapper\">\n\t\t\t\t\t<a class=\"elementor-button elementor-button-link elementor-size-sm\" href=\"https:\/\/hotelcapriccioli.it\/en\/contatti\/\">\n\t\t\t\t\t\t<span class=\"elementor-button-content-wrapper\">\n\t\t\t\t\t\t\t\t\t<span class=\"elementor-button-text\">REQUEST AVAILABILITY<\/span>\n\t\t\t\t\t<\/span>\n\t\t\t\t\t<\/a>\n\t\t\t\t<\/div>\n\t\t\t\t\t\t\t\t<\/div>\n\t\t\t\t<\/div>\n\t\t\t\t<\/div>\n\t\t\t\t<\/div>\n\t\t<div class=\"elementor-element elementor-element-7df74292 e-flex e-con-boxed e-con e-parent\" data-id=\"7df74292\" data-element_type=\"container\">\n\t\t\t\t\t<div class=\"e-con-inner\">\n\t\t\t\t<div class=\"elementor-element elementor-element-31043edc elementor-widget elementor-widget-spacer\" data-id=\"31043edc\" data-element_type=\"widget\" data-widget_type=\"spacer.default\">\n\t\t\t\t<div class=\"elementor-widget-container\">\n\t\t\t\t\t\t\t<div class=\"elementor-spacer\">\n\t\t\t<div class=\"elementor-spacer-inner\"><\/div>\n\t\t<\/div>\n\t\t\t\t\t\t<\/div>\n\t\t\t\t<\/div>\n\t\t\t\t\t<\/div>\n\t\t\t\t<\/div>\n\t\t<div class=\"elementor-element elementor-element-427efd1c e-con-full e-flex e-con e-parent\" data-id=\"427efd1c\" data-element_type=\"container\" data-settings=\"{&quot;background_background&quot;:&quot;classic&quot;}\">\n\t\t<div class=\"elementor-element elementor-element-4a6388b9 e-flex e-con-boxed e-con e-child\" data-id=\"4a6388b9\" data-element_type=\"container\">\n\t\t\t\t\t<div class=\"e-con-inner\">\n\t\t<div class=\"elementor-element elementor-element-2108ab8 e-con-full e-flex e-con e-child\" data-id=\"2108ab8\" data-element_type=\"container\">\n\t\t\t\t<div class=\"elementor-element elementor-element-5c9a4ba7 elementor-widget elementor-widget-jkit_testimonials\" data-id=\"5c9a4ba7\" data-element_type=\"widget\" data-widget_type=\"jkit_testimonials.default\">\n\t\t\t\t<div class=\"elementor-widget-container\">\n\t\t\t\t\t<div  class=\"jeg-elementor-kit jkit-testimonials arrow-middle-edge style-2  jeg_module___69feb82e2b041\"  data-id=\"jeg_module___69feb82e2b041\" data-settings=\"{&quot;autoplay&quot;:true,&quot;autoplay_speed&quot;:3500,&quot;autoplay_hover_pause&quot;:false,&quot;show_navigation&quot;:true,&quot;navigation_left&quot;:&quot;&lt;span&gt;&lt;i aria-hidden=\\&quot;true\\&quot; class=\\&quot;icon icon-left-arrows\\&quot;&gt;&lt;\\\/i&gt;&lt;\\\/span&gt;&quot;,&quot;navigation_right&quot;:&quot;&lt;span&gt;&lt;i aria-hidden=\\&quot;true\\&quot; class=\\&quot;icon icon-right-arrow1\\&quot;&gt;&lt;\\\/i&gt;&lt;\\\/span&gt;&quot;,&quot;show_dots&quot;:false,&quot;arrow_position&quot;:&quot;bottom&quot;,&quot;responsive&quot;:{&quot;desktop&quot;:{&quot;items&quot;:1,&quot;margin&quot;:10,&quot;breakpoint&quot;:1367},&quot;laptop&quot;:{&quot;items&quot;:1,&quot;margin&quot;:10,&quot;breakpoint&quot;:1025},&quot;tablet&quot;:{&quot;items&quot;:1,&quot;margin&quot;:10,&quot;breakpoint&quot;:768},&quot;mobile&quot;:{&quot;items&quot;:1,&quot;margin&quot;:10,&quot;breakpoint&quot;:0}}}\"><div class=\"testimonials-list\">\n            <div class=\"testimonials-track\"><div class=\"testimonial-item  elementor-repeater-item-87b490b\">\n                    <div class=\"testimonial-box hover-from-left\" >\n                        <div class=\"comment-header\"><ul class=\"rating-stars\"><\/ul><\/div>\n                <div class=\"comment-bio\"><div class=\"bio-details\">\n                <div class=\"profile-image\"><img fetchpriority=\"high\" decoding=\"async\" width=\"813\" height=\"606\" src=\"https:\/\/hotelcapriccioli.it\/wp-content\/uploads\/2024\/08\/Asset-08.png\" class=\"source-url\" alt=\"\" url=\"https:\/\/hotelcapriccioli.it\/wp-content\/uploads\/2024\/08\/Asset-08.png\" srcset=\"https:\/\/hotelcapriccioli.it\/wp-content\/uploads\/2024\/08\/Asset-08.png 813w, https:\/\/hotelcapriccioli.it\/wp-content\/uploads\/2024\/08\/Asset-08-300x224.png 300w, https:\/\/hotelcapriccioli.it\/wp-content\/uploads\/2024\/08\/Asset-08-768x572.png 768w\" sizes=\"(max-width: 813px) 100vw, 813px\" \/><\/div>\n                <span class=\"profile-info\">\n                    <strong class=\"profile-name\"><\/strong>\n                    <p class=\"profile-des\"><\/p>\n                <\/span>\n            <\/div><div class=\"icon-content\"><\/div><\/div>\n                <div class=\"comment-content\"><p><\/p><\/div>\n                    <\/div>\n                <\/div><div class=\"testimonial-item  elementor-repeater-item-f3b8b73\">\n                    <div class=\"testimonial-box hover-from-left\" >\n                        <div class=\"comment-header\"><ul class=\"rating-stars\"><\/ul><\/div>\n                <div class=\"comment-bio\"><div class=\"bio-details\">\n                <div class=\"profile-image\"><img fetchpriority=\"high\" decoding=\"async\" width=\"813\" height=\"606\" src=\"https:\/\/hotelcapriccioli.it\/wp-content\/uploads\/2024\/08\/Asset-08.png\" class=\"source-url\" alt=\"\" url=\"https:\/\/hotelcapriccioli.it\/wp-content\/uploads\/2024\/08\/Asset-08.png\" srcset=\"https:\/\/hotelcapriccioli.it\/wp-content\/uploads\/2024\/08\/Asset-08.png 813w, https:\/\/hotelcapriccioli.it\/wp-content\/uploads\/2024\/08\/Asset-08-300x224.png 300w, https:\/\/hotelcapriccioli.it\/wp-content\/uploads\/2024\/08\/Asset-08-768x572.png 768w\" sizes=\"(max-width: 813px) 100vw, 813px\" \/><\/div>\n                <span class=\"profile-info\">\n                    <strong class=\"profile-name\"><\/strong>\n                    <p class=\"profile-des\"><\/p>\n                <\/span>\n            <\/div><div class=\"icon-content\"><\/div><\/div>\n                <div class=\"comment-content\"><p><\/p><\/div>\n                    <\/div>\n                <\/div><div class=\"testimonial-item  elementor-repeater-item-3d58567\">\n                    <div class=\"testimonial-box hover-from-left\" >\n                        <div class=\"comment-header\"><ul class=\"rating-stars\"><\/ul><\/div>\n                <div class=\"comment-bio\"><div class=\"bio-details\">\n                <div class=\"profile-image\"><img fetchpriority=\"high\" decoding=\"async\" width=\"813\" height=\"606\" src=\"https:\/\/hotelcapriccioli.it\/wp-content\/uploads\/2024\/08\/Asset-08.png\" class=\"source-url\" alt=\"\" url=\"https:\/\/hotelcapriccioli.it\/wp-content\/uploads\/2024\/08\/Asset-08.png\" srcset=\"https:\/\/hotelcapriccioli.it\/wp-content\/uploads\/2024\/08\/Asset-08.png 813w, https:\/\/hotelcapriccioli.it\/wp-content\/uploads\/2024\/08\/Asset-08-300x224.png 300w, https:\/\/hotelcapriccioli.it\/wp-content\/uploads\/2024\/08\/Asset-08-768x572.png 768w\" sizes=\"(max-width: 813px) 100vw, 813px\" \/><\/div>\n                <span class=\"profile-info\">\n                    <strong class=\"profile-name\"><\/strong>\n                    <p class=\"profile-des\"><\/p>\n                <\/span>\n            <\/div><div class=\"icon-content\"><\/div><\/div>\n                <div class=\"comment-content\"><p><\/p><\/div>\n                    <\/div>\n                <\/div><\/div>\n        <\/div><\/div>\t\t\t\t<\/div>\n\t\t\t\t<\/div>\n\t\t\t\t<\/div>\n\t\t<div class=\"elementor-element elementor-element-3d70061f e-con-full e-flex e-con e-child\" data-id=\"3d70061f\" data-element_type=\"container\">\n\t\t\t\t<div class=\"elementor-element elementor-element-2279136e elementor-invisible elementor-widget elementor-widget-elementskit-heading\" data-id=\"2279136e\" data-element_type=\"widget\" data-settings=\"{&quot;_animation&quot;:&quot;fadeIn&quot;,&quot;_animation_delay&quot;:150}\" data-widget_type=\"elementskit-heading.default\">\n\t\t\t\t<div class=\"elementor-widget-container\">\n\t\t\t\t\t<div class=\"ekit-wid-con\" ><div class=\"ekit-heading elementskit-section-title-wraper text_left   ekit_heading_tablet-   ekit_heading_mobile-\"><h2 class=\"elementskit-section-subtitle\">\n\t\t\t\t\t\tOur Philosophy\n\t\t\t\t\t<\/h2><h2 class=\"ekit-heading--title elementskit-section-title\">A Shelter on the Emerald Coast<\/h2><\/div><\/div>\t\t\t\t<\/div>\n\t\t\t\t<\/div>\n\t\t\t\t<div class=\"elementor-element elementor-element-21658806 elementor-invisible elementor-widget elementor-widget-text-editor\" data-id=\"21658806\" data-element_type=\"widget\" data-settings=\"{&quot;_animation&quot;:&quot;fadeIn&quot;,&quot;_animation_delay&quot;:200}\" data-widget_type=\"text-editor.default\">\n\t\t\t\t<div class=\"elementor-widget-container\">\n\t\t\t\t\t\t\t\t\t<p>At Hotel Capriccioli, luxury is synonymous with a unique and personalized experience. Nestled in the wonders of the Emerald Coast, we offer a stay where elegance and tranquility meet.<\/p>\t\t\t\t\t\t\t\t<\/div>\n\t\t\t\t<\/div>\n\t\t\t\t<\/div>\n\t\t\t\t\t<\/div>\n\t\t\t\t<\/div>\n\t\t<div class=\"elementor-element elementor-element-3570f3e3 e-flex e-con-boxed e-con e-child\" data-id=\"3570f3e3\" data-element_type=\"container\">\n\t\t\t\t\t<div class=\"e-con-inner\">\n\t\t<div class=\"elementor-element elementor-element-3af1a408 e-con-full e-flex e-con e-child\" data-id=\"3af1a408\" data-element_type=\"container\">\n\t\t<div class=\"elementor-element elementor-element-411fc646 e-con-full e-flex e-con e-child\" data-id=\"411fc646\" data-element_type=\"container\">\n\t\t\t\t<div class=\"elementor-element elementor-element-7b8d0ed6 elementor-widget elementor-widget-jkit_fun_fact\" data-id=\"7b8d0ed6\" data-element_type=\"widget\" data-widget_type=\"jkit_fun_fact.default\">\n\t\t\t\t<div class=\"elementor-widget-container\">\n\t\t\t\t\t<div  class=\"jeg-elementor-kit jkit-fun-fact align-center hover-from-left elementor-animation- jeg_module__1_69feb82e2f223\" ><div class=\"fun-fact-inner\">\n            <div class=\"content\">\n                <div class=\"number-wrapper\"><span class=\"prefix\"><\/span>\n        <span class=\"number\" data-value=\"51\" data-animation-duration=\"3500\">0<\/span>\n        <span class=\"suffix\"><\/span><sup class=\"super\">+<\/sup><\/div>\n                <h2 class=\"title\">Years of Experience<\/h2>\n            <\/div>\n        <\/div><\/div>\t\t\t\t<\/div>\n\t\t\t\t<\/div>\n\t\t\t\t<\/div>\n\t\t<div class=\"elementor-element elementor-element-297b7f2 e-con-full e-flex e-con e-child\" data-id=\"297b7f2\" data-element_type=\"container\">\n\t\t\t\t<div class=\"elementor-element elementor-element-48fe9ba elementor-widget elementor-widget-jkit_fun_fact\" data-id=\"48fe9ba\" data-element_type=\"widget\" data-widget_type=\"jkit_fun_fact.default\">\n\t\t\t\t<div class=\"elementor-widget-container\">\n\t\t\t\t\t<div  class=\"jeg-elementor-kit jkit-fun-fact align-center hover-from-left elementor-animation- jeg_module__2_69feb82e2fbb3\" ><div class=\"fun-fact-inner\">\n            <div class=\"content\">\n                <div class=\"number-wrapper\"><span class=\"prefix\"><\/span>\n        <span class=\"number\" data-value=\"50\" data-animation-duration=\"3500\">0<\/span>\n        <span class=\"suffix\">m<\/span><sup class=\"super\"><\/sup><\/div>\n                <h2 class=\"title\">From the Private Beach<\/h2>\n            <\/div>\n        <\/div><\/div>\t\t\t\t<\/div>\n\t\t\t\t<\/div>\n\t\t\t\t<\/div>\n\t\t\t\t<\/div>\n\t\t\t\t\t<\/div>\n\t\t\t\t<\/div>\n\t\t<div class=\"elementor-element elementor-element-10523c6d e-flex e-con-boxed e-con e-child\" data-id=\"10523c6d\" data-element_type=\"container\">\n\t\t\t\t\t<div class=\"e-con-inner\">\n\t\t<div class=\"elementor-element elementor-element-21ebe421 e-con-full e-flex e-con e-child\" data-id=\"21ebe421\" data-element_type=\"container\">\n\t\t\t\t<div class=\"elementor-element elementor-element-3ff8765c elementor-widget elementor-widget-image\" data-id=\"3ff8765c\" data-element_type=\"widget\" data-widget_type=\"image.default\">\n\t\t\t\t<div class=\"elementor-widget-container\">\n\t\t\t\t\t\t\t\t\t\t\t\t\t\t\t<img decoding=\"async\" width=\"1773\" height=\"1182\" src=\"https:\/\/hotelcapriccioli.it\/wp-content\/uploads\/2024\/11\/Piscina-Vista-Mare.jpg\" class=\"attachment-full size-full wp-image-1980\" alt=\"\" srcset=\"https:\/\/hotelcapriccioli.it\/wp-content\/uploads\/2024\/11\/Piscina-Vista-Mare.jpg 1773w, https:\/\/hotelcapriccioli.it\/wp-content\/uploads\/2024\/11\/Piscina-Vista-Mare-300x200.jpg 300w, https:\/\/hotelcapriccioli.it\/wp-content\/uploads\/2024\/11\/Piscina-Vista-Mare-1024x683.jpg 1024w, https:\/\/hotelcapriccioli.it\/wp-content\/uploads\/2024\/11\/Piscina-Vista-Mare-768x512.jpg 768w, https:\/\/hotelcapriccioli.it\/wp-content\/uploads\/2024\/11\/Piscina-Vista-Mare-1536x1024.jpg 1536w\" sizes=\"(max-width: 1773px) 100vw, 1773px\" \/>\t\t\t\t\t\t\t\t\t\t\t\t\t\t\t<\/div>\n\t\t\t\t<\/div>\n\t\t\t\t<\/div>\n\t\t<div class=\"elementor-element elementor-element-1f4e6fd2 e-con-full e-flex e-con e-child\" data-id=\"1f4e6fd2\" data-element_type=\"container\">\n\t\t\t\t<div class=\"elementor-element elementor-element-12486388 elementor-widget elementor-widget-elementskit-heading\" data-id=\"12486388\" data-element_type=\"widget\" data-widget_type=\"elementskit-heading.default\">\n\t\t\t\t<div class=\"elementor-widget-container\">\n\t\t\t\t\t<div class=\"ekit-wid-con\" ><div class=\"ekit-heading elementskit-section-title-wraper text_left   ekit_heading_tablet-   ekit_heading_mobile-\"><h2 class=\"elementskit-section-subtitle\">\n\t\t\t\t\t\tPerfect Reception\n\t\t\t\t\t<\/h2><h2 class=\"ekit-heading--title elementskit-section-title\">The Art of Hospitality<\/h2><\/div><\/div>\t\t\t\t<\/div>\n\t\t\t\t<\/div>\n\t\t\t\t<\/div>\n\t\t<div class=\"elementor-element elementor-element-57d6637a e-con-full e-flex e-con e-child\" data-id=\"57d6637a\" data-element_type=\"container\">\n\t\t\t\t<div class=\"elementor-element elementor-element-4548316 elementor-widget elementor-widget-text-editor\" data-id=\"4548316\" data-element_type=\"widget\" data-widget_type=\"text-editor.default\">\n\t\t\t\t<div class=\"elementor-widget-container\">\n\t\t\t\t\t\t\t\t\t<p>At Hotel Capriccioli, every detail is masterfully taken care of to offer you a unique stay. Surrounded by breathtaking landscapes, we combine luxury and hospitality into an unforgettable experience.<br \/>Our commitment is to turn hospitality into an art, giving you moments of pure relaxation and comfort.<\/p>\t\t\t\t\t\t\t\t<\/div>\n\t\t\t\t<\/div>\n\t\t\t\t<\/div>\n\t\t\t\t\t<\/div>\n\t\t\t\t<\/div>\n\t\t\t\t<\/div>\n\t\t\t\t<\/div>","protected":false},"excerpt":{"rendered":"<p>Where Comfort Meets Hospitality An oasis away from home REQUEST AVAILABILITY Our Philosophy A Refuge on the Emerald Coast At Hotel Capriccioli, luxury is synonymous with a unique and personalized experience. Nestled in the wonders of the Emerald Coast, we offer a stay where elegance and tranquility meet. 0 + Years of Experience 0 m From the Beach [...]<\/p>","protected":false},"author":1,"featured_media":0,"parent":0,"menu_order":0,"comment_status":"closed","ping_status":"closed","template":"elementor_header_footer","meta":{"footnotes":""},"class_list":["post-512","page","type-page","status-publish","hentry"],"yoast_head":"<!-- This site is optimized with the Yoast SEO plugin v25.0 - https:\/\/yoast.com\/wordpress\/plugins\/seo\/ -->\n<title>Chi siamo - Hotel Capriccioli<\/title>\n<meta name=\"robots\" content=\"index, follow, max-snippet:-1, max-image-preview:large, max-video-preview:-1\" \/>\n<link rel=\"canonical\" href=\"https:\/\/hotelcapriccioli.it\/en\/chi-siamo\/\" \/>\n<meta property=\"og:locale\" content=\"en_US\" \/>\n<meta property=\"og:type\" content=\"article\" \/>\n<meta property=\"og:title\" content=\"Chi siamo - Hotel Capriccioli\" \/>\n<meta property=\"og:description\" content=\"Dove il Comfort Incontra l&#8217;Ospitalit\u00e0 Un&#039;oasi lontano da casa RICHIEDI DISPONIBILIT\u00c0 La Nostra Filosofia Un Rifugio in Costa Smeralda All&#8217;Hotel Capriccioli, il lusso \u00e8 sinonimo di esperienza unica e personalizzata. Immerso nelle meraviglie della Costa Smeralda, offriamo un soggiorno in cui eleganza e tranquillit\u00e0 si incontrano. 0 + Anni di Esperienza 0 m Dalla Spiaggia [&hellip;]\" \/>\n<meta property=\"og:url\" content=\"https:\/\/hotelcapriccioli.it\/en\/chi-siamo\/\" \/>\n<meta property=\"og:site_name\" content=\"Hotel Capriccioli\" \/>\n<meta property=\"article:publisher\" content=\"https:\/\/www.facebook.com\/hotelcapriccioli\/?locale=it_IT\" \/>\n<meta property=\"article:modified_time\" content=\"2025-02-14T15:09:27+00:00\" \/>\n<meta property=\"og:image\" content=\"https:\/\/hotelcapriccioli.it\/wp-content\/uploads\/2024\/08\/Asset-08.png\" \/>\n<meta name=\"twitter:card\" content=\"summary_large_image\" \/>\n<meta name=\"twitter:label1\" content=\"Est. reading time\" \/>\n\t<meta name=\"twitter:data1\" content=\"2 minutes\" \/>\n<script type=\"application\/ld+json\" class=\"yoast-schema-graph\">{\"@context\":\"https:\/\/schema.org\",\"@graph\":[{\"@type\":\"WebPage\",\"@id\":\"https:\/\/hotelcapriccioli.it\/chi-siamo\/\",\"url\":\"https:\/\/hotelcapriccioli.it\/chi-siamo\/\",\"name\":\"Chi siamo - Hotel Capriccioli\",\"isPartOf\":{\"@id\":\"https:\/\/hotelcapriccioli.it\/#website\"},\"primaryImageOfPage\":{\"@id\":\"https:\/\/hotelcapriccioli.it\/chi-siamo\/#primaryimage\"},\"image\":{\"@id\":\"https:\/\/hotelcapriccioli.it\/chi-siamo\/#primaryimage\"},\"thumbnailUrl\":\"https:\/\/hotelcapriccioli.it\/wp-content\/uploads\/2024\/08\/Asset-08.png\",\"datePublished\":\"2024-08-20T09:53:48+00:00\",\"dateModified\":\"2025-02-14T15:09:27+00:00\",\"breadcrumb\":{\"@id\":\"https:\/\/hotelcapriccioli.it\/chi-siamo\/#breadcrumb\"},\"inLanguage\":\"en-US\",\"potentialAction\":[{\"@type\":\"ReadAction\",\"target\":[\"https:\/\/hotelcapriccioli.it\/chi-siamo\/\"]}]},{\"@type\":\"ImageObject\",\"inLanguage\":\"en-US\",\"@id\":\"https:\/\/hotelcapriccioli.it\/chi-siamo\/#primaryimage\",\"url\":\"https:\/\/hotelcapriccioli.it\/wp-content\/uploads\/2024\/08\/Asset-08.png\",\"contentUrl\":\"https:\/\/hotelcapriccioli.it\/wp-content\/uploads\/2024\/08\/Asset-08.png\"},{\"@type\":\"BreadcrumbList\",\"@id\":\"https:\/\/hotelcapriccioli.it\/chi-siamo\/#breadcrumb\",\"itemListElement\":[{\"@type\":\"ListItem\",\"position\":1,\"name\":\"Home\",\"item\":\"https:\/\/hotelcapriccioli.it\/\"},{\"@type\":\"ListItem\",\"position\":2,\"name\":\"Chi siamo\"}]},{\"@type\":\"WebSite\",\"@id\":\"https:\/\/hotelcapriccioli.it\/#website\",\"url\":\"https:\/\/hotelcapriccioli.it\/\",\"name\":\"Hotel Capriccioli\",\"description\":\"Costa Smeralda\",\"publisher\":{\"@id\":\"https:\/\/hotelcapriccioli.it\/#organization\"},\"potentialAction\":[{\"@type\":\"SearchAction\",\"target\":{\"@type\":\"EntryPoint\",\"urlTemplate\":\"https:\/\/hotelcapriccioli.it\/?s={search_term_string}\"},\"query-input\":{\"@type\":\"PropertyValueSpecification\",\"valueRequired\":true,\"valueName\":\"search_term_string\"}}],\"inLanguage\":\"en-US\"},{\"@type\":\"Organization\",\"@id\":\"https:\/\/hotelcapriccioli.it\/#organization\",\"name\":\"Hotel Capriccioli\",\"url\":\"https:\/\/hotelcapriccioli.it\/\",\"logo\":{\"@type\":\"ImageObject\",\"inLanguage\":\"en-US\",\"@id\":\"https:\/\/hotelcapriccioli.it\/#\/schema\/logo\/image\/\",\"url\":\"https:\/\/hotelcapriccioli.it\/wp-content\/uploads\/2024\/06\/Hotel-capriccioli.svg\",\"contentUrl\":\"https:\/\/hotelcapriccioli.it\/wp-content\/uploads\/2024\/06\/Hotel-capriccioli.svg\",\"width\":327,\"height\":251,\"caption\":\"Hotel Capriccioli\"},\"image\":{\"@id\":\"https:\/\/hotelcapriccioli.it\/#\/schema\/logo\/image\/\"},\"sameAs\":[\"https:\/\/www.facebook.com\/hotelcapriccioli\/?locale=it_IT\",\"https:\/\/www.instagram.com\/hotelcapriccioli\/\"]}]}<\/script>\n<!-- \/ Yoast SEO plugin. -->","yoast_head_json":{"title":"Chi siamo - Hotel Capriccioli","robots":{"index":"index","follow":"follow","max-snippet":"max-snippet:-1","max-image-preview":"max-image-preview:large","max-video-preview":"max-video-preview:-1"},"canonical":"https:\/\/hotelcapriccioli.it\/en\/chi-siamo\/","og_locale":"en_US","og_type":"article","og_title":"Chi siamo - Hotel Capriccioli","og_description":"Dove il Comfort Incontra l&#8217;Ospitalit\u00e0 Un&#039;oasi lontano da casa RICHIEDI DISPONIBILIT\u00c0 La Nostra Filosofia Un Rifugio in Costa Smeralda All&#8217;Hotel Capriccioli, il lusso \u00e8 sinonimo di esperienza unica e personalizzata. Immerso nelle meraviglie della Costa Smeralda, offriamo un soggiorno in cui eleganza e tranquillit\u00e0 si incontrano. 0 + Anni di Esperienza 0 m Dalla Spiaggia [&hellip;]","og_url":"https:\/\/hotelcapriccioli.it\/en\/chi-siamo\/","og_site_name":"Hotel Capriccioli","article_publisher":"https:\/\/www.facebook.com\/hotelcapriccioli\/?locale=it_IT","article_modified_time":"2025-02-14T15:09:27+00:00","og_image":[{"url":"https:\/\/hotelcapriccioli.it\/wp-content\/uploads\/2024\/08\/Asset-08.png","type":"","width":"","height":""}],"twitter_card":"summary_large_image","twitter_misc":{"Est. reading time":"2 minutes"},"schema":{"@context":"https:\/\/schema.org","@graph":[{"@type":"WebPage","@id":"https:\/\/hotelcapriccioli.it\/chi-siamo\/","url":"https:\/\/hotelcapriccioli.it\/chi-siamo\/","name":"Chi siamo - Hotel Capriccioli","isPartOf":{"@id":"https:\/\/hotelcapriccioli.it\/#website"},"primaryImageOfPage":{"@id":"https:\/\/hotelcapriccioli.it\/chi-siamo\/#primaryimage"},"image":{"@id":"https:\/\/hotelcapriccioli.it\/chi-siamo\/#primaryimage"},"thumbnailUrl":"https:\/\/hotelcapriccioli.it\/wp-content\/uploads\/2024\/08\/Asset-08.png","datePublished":"2024-08-20T09:53:48+00:00","dateModified":"2025-02-14T15:09:27+00:00","breadcrumb":{"@id":"https:\/\/hotelcapriccioli.it\/chi-siamo\/#breadcrumb"},"inLanguage":"en-US","potentialAction":[{"@type":"ReadAction","target":["https:\/\/hotelcapriccioli.it\/chi-siamo\/"]}]},{"@type":"ImageObject","inLanguage":"en-US","@id":"https:\/\/hotelcapriccioli.it\/chi-siamo\/#primaryimage","url":"https:\/\/hotelcapriccioli.it\/wp-content\/uploads\/2024\/08\/Asset-08.png","contentUrl":"https:\/\/hotelcapriccioli.it\/wp-content\/uploads\/2024\/08\/Asset-08.png"},{"@type":"BreadcrumbList","@id":"https:\/\/hotelcapriccioli.it\/chi-siamo\/#breadcrumb","itemListElement":[{"@type":"ListItem","position":1,"name":"Home","item":"https:\/\/hotelcapriccioli.it\/"},{"@type":"ListItem","position":2,"name":"Chi siamo"}]},{"@type":"WebSite","@id":"https:\/\/hotelcapriccioli.it\/#website","url":"https:\/\/hotelcapriccioli.it\/","name":"Hotel Capriccioli","description":"Costa Smeralda","publisher":{"@id":"https:\/\/hotelcapriccioli.it\/#organization"},"potentialAction":[{"@type":"SearchAction","target":{"@type":"EntryPoint","urlTemplate":"https:\/\/hotelcapriccioli.it\/?s={search_term_string}"},"query-input":{"@type":"PropertyValueSpecification","valueRequired":true,"valueName":"search_term_string"}}],"inLanguage":"en-US"},{"@type":"Organization","@id":"https:\/\/hotelcapriccioli.it\/#organization","name":"Hotel Capriccioli","url":"https:\/\/hotelcapriccioli.it\/","logo":{"@type":"ImageObject","inLanguage":"en-US","@id":"https:\/\/hotelcapriccioli.it\/#\/schema\/logo\/image\/","url":"https:\/\/hotelcapriccioli.it\/wp-content\/uploads\/2024\/06\/Hotel-capriccioli.svg","contentUrl":"https:\/\/hotelcapriccioli.it\/wp-content\/uploads\/2024\/06\/Hotel-capriccioli.svg","width":327,"height":251,"caption":"Hotel Capriccioli"},"image":{"@id":"https:\/\/hotelcapriccioli.it\/#\/schema\/logo\/image\/"},"sameAs":["https:\/\/www.facebook.com\/hotelcapriccioli\/?locale=it_IT","https:\/\/www.instagram.com\/hotelcapriccioli\/"]}]}},"_links":{"self":[{"href":"https:\/\/hotelcapriccioli.it\/en\/wp-json\/wp\/v2\/pages\/512","targetHints":{"allow":["GET"]}}],"collection":[{"href":"https:\/\/hotelcapriccioli.it\/en\/wp-json\/wp\/v2\/pages"}],"about":[{"href":"https:\/\/hotelcapriccioli.it\/en\/wp-json\/wp\/v2\/types\/page"}],"author":[{"embeddable":true,"href":"https:\/\/hotelcapriccioli.it\/en\/wp-json\/wp\/v2\/users\/1"}],"replies":[{"embeddable":true,"href":"https:\/\/hotelcapriccioli.it\/en\/wp-json\/wp\/v2\/comments?post=512"}],"version-history":[{"count":85,"href":"https:\/\/hotelcapriccioli.it\/en\/wp-json\/wp\/v2\/pages\/512\/revisions"}],"predecessor-version":[{"id":2233,"href":"https:\/\/hotelcapriccioli.it\/en\/wp-json\/wp\/v2\/pages\/512\/revisions\/2233"}],"wp:attachment":[{"href":"https:\/\/hotelcapriccioli.it\/en\/wp-json\/wp\/v2\/media?parent=512"}],"curies":[{"name":"wp","href":"https:\/\/api.w.org\/{rel}","templated":true}]}}